{"id":27,"date":"2015-03-10T16:57:03","date_gmt":"2015-03-10T16:57:03","guid":{"rendered":"http:\/\/mssbreza.com\/?page_id=27"},"modified":"2015-03-15T14:45:15","modified_gmt":"2015-03-15T14:45:15","slug":"masinska-strucna-skola","status":"publish","type":"page","link":"https:\/\/mssbreza.com\/?page_id=27","title":{"rendered":"Ma\u0161inska stru\u010dna \u0161kola"},"content":{"rendered":"<p>Ma\u0161inska stru\u010dna \u0161kola<\/p>\n<p>Trajanje \u0161kolovanja: 3 godine<\/p>\n<p>Tip \u0161kole: Stru\u010dna \u0161kola<\/p>\n<p>Zanimanje: Plinski i vodoinstalater<\/p>\n<p>&nbsp;<\/p>\n<p><iframe loading=\"lazy\" width=\"840\" height=\"473\" src=\"https:\/\/www.youtube.com\/embed\/t3FaKMfAGv4?feature=oembed\" frameborder=\"0\" allowfullscreen><\/iframe><\/p>\n","protected":false},"excerpt":{"rendered":"<p>Ma\u0161inska stru\u010dna \u0161kola Trajanje \u0161kolovanja: 3 godine Tip \u0161kole: Stru\u010dna \u0161kola Zanimanje: Plinski i vodoinstalater &nbsp;<\/p>\n","protected":false},"author":1,"featured_media":0,"parent":0,"menu_order":0,"comment_status":"closed","ping_status":"closed","template":"","meta":{"footnotes":""},"class_list":["post-27","page","type-page","status-publish","hentry"],"wppr_data":{"cwp_meta_box_check":"No","cwp_rev_product_name":"","cwp_rev_product_image":"","cwp_image_link":"image","cwp_rev_price":""},"_links":{"self":[{"href":"https:\/\/mssbreza.com\/index.php?rest_route=\/wp\/v2\/pages\/27","targetHints":{"allow":["GET"]}}],"collection":[{"href":"https:\/\/mssbreza.com\/index.php?rest_route=\/wp\/v2\/pages"}],"about":[{"href":"https:\/\/mssbreza.com\/index.php?rest_route=\/wp\/v2\/types\/page"}],"author":[{"embeddable":true,"href":"https:\/\/mssbreza.com\/index.php?rest_route=\/wp\/v2\/users\/1"}],"replies":[{"embeddable":true,"href":"https:\/\/mssbreza.com\/index.php?rest_route=%2Fwp%2Fv2%2Fcomments&post=27"}],"version-history":[{"count":2,"href":"https:\/\/mssbreza.com\/index.php?rest_route=\/wp\/v2\/pages\/27\/revisions"}],"predecessor-version":[{"id":57,"href":"https:\/\/mssbreza.com\/index.php?rest_route=\/wp\/v2\/pages\/27\/revisions\/57"}],"wp:attachment":[{"href":"https:\/\/mssbreza.com\/index.php?rest_route=%2Fwp%2Fv2%2Fmedia&parent=27"}],"curies":[{"name":"wp","href":"https:\/\/api.w.org\/{rel}","templated":true}]}}